{"id":11,"date":"2024-06-20T09:07:48","date_gmt":"2024-06-20T13:07:48","guid":{"rendered":"https:\/\/lavoixdedeuxrives.com\/?page_id=11"},"modified":"2024-06-25T10:26:36","modified_gmt":"2024-06-25T14:26:36","slug":"accueil","status":"publish","type":"page","link":"https:\/\/lavoixdedeuxrives.com\/","title":{"rendered":"Accueil"},"content":{"rendered":"\n<div class=\"wp-block-cover alignfull is-light wp-duotone-unset-1\" style=\"min-height:693px;aspect-ratio:unset;\"><span aria-hidden=\"true\" class=\"wp-block-cover__background has-background-dim-0 has-background-dim\" style=\"background-color:#e0e0e0\"><\/span><img loading=\"lazy\" decoding=\"async\" width=\"2560\" height=\"1856\" class=\"wp-block-cover__image-background wp-image-102\" alt=\"\" src=\"https:\/\/lavoixdedeuxrives.com\/wp-content\/uploads\/2024\/06\/pexels-hikaique-380283-4-scaled.jpg\" style=\"object-position:50% 20%\" data-object-fit=\"cover\" data-object-position=\"50% 20%\" srcset=\"https:\/\/lavoixdedeuxrives.com\/wp-content\/uploads\/2024\/06\/pexels-hikaique-380283-4-scaled.jpg 2560w, https:\/\/lavoixdedeuxrives.com\/wp-content\/uploads\/2024\/06\/pexels-hikaique-380283-4-300x218.jpg 300w, https:\/\/lavoixdedeuxrives.com\/wp-content\/uploads\/2024\/06\/pexels-hikaique-380283-4-1024x743.jpg 1024w, https:\/\/lavoixdedeuxrives.com\/wp-content\/uploads\/2024\/06\/pexels-hikaique-380283-4-768x557.jpg 768w, https:\/\/lavoixdedeuxrives.com\/wp-content\/uploads\/2024\/06\/pexels-hikaique-380283-4-1536x1114.jpg 1536w, https:\/\/lavoixdedeuxrives.com\/wp-content\/uploads\/2024\/06\/pexels-hikaique-380283-4-2048x1485.jpg 2048w\" sizes=\"auto, (max-width: 2560px) 100vw, 2560px\" \/><div class=\"wp-block-cover__inner-container is-layout-flow wp-block-cover-is-layout-flow\">\n<div style=\"height:80px\" aria-hidden=\"true\" class=\"wp-block-spacer\"><\/div>\n\n\n\n<h1 class=\"wp-block-heading has-text-align-center has-text-color\" style=\"color:#121212;font-size:59px\"><strong>Joignez-vous \u00e0 la voix de <\/strong><br><strong>Deux-Rives pour partager votre opinion!<\/strong><\/h1>\n\n\n\n<p class=\"has-text-align-center has-text-color\" style=\"color:#121212;font-size:17px\">En partageant votre opinion sur le panel de la municipalit\u00e9 de Deux-Rives, <br>contribuez \u00e0 b\u00e2tir une communaut\u00e9 unie et \u00e0 influencer les d\u00e9cisions de votre municipalit\u00e9.<\/p>\n\n\n\n<div class=\"wp-block-buttons is-content-justification-center is-layout-flex wp-container-core-buttons-is-layout-16018d1d wp-block-buttons-is-layout-flex\">\n<div class=\"wp-block-button is-style-primary\"><a class=\"wp-block-button__link wp-element-button\" href=\"https:\/\/panel.lavoixdedeuxrives.com\/api\/redirect\/9\/fr\"><strong>Je veux joindre la voix des citoyens et citoyennes de Deux-Rives<\/strong><\/a><\/div>\n<\/div>\n\n\n\n<div style=\"height:80px\" aria-hidden=\"true\" class=\"wp-block-spacer\"><\/div>\n\n\n\n<div style=\"height:80px\" aria-hidden=\"true\" class=\"wp-block-spacer\"><\/div>\n\n\n\n<p><\/p>\n<\/div><\/div>\n\n\n\n<div style=\"height:122px\" aria-hidden=\"true\" class=\"wp-block-spacer\"><\/div>\n\n\n\n<div class=\"wp-block-columns is-layout-flex wp-container-core-columns-is-layout-9d6595d7 wp-block-columns-is-layout-flex\">\n<div class=\"wp-block-column is-layout-flow wp-block-column-is-layout-flow\" style=\"padding-right:var(--wp--preset--spacing--20);padding-left:var(--wp--preset--spacing--20)\"><div class=\"wp-block-image is-resized icon-style is-style-default\">\n<figure class=\"aligncenter size-full\"><img loading=\"lazy\" decoding=\"async\" width=\"512\" height=\"512\" src=\"https:\/\/lavoixdedeuxrives.com\/wp-content\/uploads\/2024\/06\/coeur.png\" alt=\"\" class=\"wp-image-60\" style=\"width:50px\" srcset=\"https:\/\/lavoixdedeuxrives.com\/wp-content\/uploads\/2024\/06\/coeur.png 512w, https:\/\/lavoixdedeuxrives.com\/wp-content\/uploads\/2024\/06\/coeur-300x300.png 300w, https:\/\/lavoixdedeuxrives.com\/wp-content\/uploads\/2024\/06\/coeur-150x150.png 150w\" sizes=\"auto, (max-width: 512px) 100vw, 512px\" \/><\/figure>\n<\/div>\n\n\n<div style=\"height:20px\" aria-hidden=\"true\" class=\"wp-block-spacer\"><\/div>\n\n\n\n<h3 class=\"wp-block-heading has-text-align-center has-neve-text-color-color has-text-color\">Une voix pour nos citoyens<\/h3>\n\n\n\n<p class=\"has-text-align-center\">Ce panel permet aux citoyennes et citoyens de s&rsquo;exprimer sur divers sujets aupr\u00e8s de la municipalit\u00e9 de Deux-Rives.<\/p>\n\n\n\n<div style=\"height:20px\" aria-hidden=\"true\" class=\"wp-block-spacer\"><\/div>\n<\/div>\n\n\n\n<div class=\"wp-block-column is-layout-flow wp-block-column-is-layout-flow\" style=\"padding-right:var(--wp--preset--spacing--20);padding-left:var(--wp--preset--spacing--20)\"><div class=\"wp-block-image is-resized icon-style is-style-default\">\n<figure class=\"aligncenter size-full\"><img loading=\"lazy\" decoding=\"async\" width=\"512\" height=\"512\" src=\"https:\/\/lavoixdedeuxrives.com\/wp-content\/uploads\/2024\/06\/coeur.png\" alt=\"\" class=\"wp-image-60\" style=\"width:50px\" srcset=\"https:\/\/lavoixdedeuxrives.com\/wp-content\/uploads\/2024\/06\/coeur.png 512w, https:\/\/lavoixdedeuxrives.com\/wp-content\/uploads\/2024\/06\/coeur-300x300.png 300w, https:\/\/lavoixdedeuxrives.com\/wp-content\/uploads\/2024\/06\/coeur-150x150.png 150w\" sizes=\"auto, (max-width: 512px) 100vw, 512px\" \/><\/figure>\n<\/div>\n\n\n<div style=\"height:20px\" aria-hidden=\"true\" class=\"wp-block-spacer\"><\/div>\n\n\n\n<h3 class=\"wp-block-heading has-text-align-center has-neve-text-color-color has-text-color\">Une approche inclusive<\/h3>\n\n\n\n<p class=\"has-text-align-center\">Les approches traditionnelles de consultation sont souvent restrictives. Avec ce panel nous offrons \u00e0 chacun l&rsquo;opportunit\u00e9 de partager son opinion.<\/p>\n\n\n\n<div style=\"height:20px\" aria-hidden=\"true\" class=\"wp-block-spacer\"><\/div>\n<\/div>\n\n\n\n<div class=\"wp-block-column is-layout-flow wp-block-column-is-layout-flow\" style=\"padding-right:var(--wp--preset--spacing--20);padding-left:var(--wp--preset--spacing--20)\"><div class=\"wp-block-image is-resized icon-style is-style-default\">\n<figure class=\"aligncenter size-full\"><img loading=\"lazy\" decoding=\"async\" width=\"512\" height=\"512\" src=\"https:\/\/lavoixdedeuxrives.com\/wp-content\/uploads\/2024\/06\/coeur.png\" alt=\"\" class=\"wp-image-60\" style=\"width:50px\" srcset=\"https:\/\/lavoixdedeuxrives.com\/wp-content\/uploads\/2024\/06\/coeur.png 512w, https:\/\/lavoixdedeuxrives.com\/wp-content\/uploads\/2024\/06\/coeur-300x300.png 300w, https:\/\/lavoixdedeuxrives.com\/wp-content\/uploads\/2024\/06\/coeur-150x150.png 150w\" sizes=\"auto, (max-width: 512px) 100vw, 512px\" \/><\/figure>\n<\/div>\n\n\n<div style=\"height:20px\" aria-hidden=\"true\" class=\"wp-block-spacer\"><\/div>\n\n\n\n<h3 class=\"wp-block-heading has-text-align-center has-neve-text-color-color has-text-color\">Une initiative \u00e9conomique<\/h3>\n\n\n\n<p class=\"has-text-align-center\">Face \u00e0 des ressources financi\u00e8res limit\u00e9es, la municipalit\u00e9 de Deux-Rives offre une plateforme permettant d&rsquo;\u00e9tablir un dialogue efficace entre la municipalit\u00e9 et ses citoyens \u00e0 moindre co\u00fbt.<\/p>\n\n\n\n<div style=\"height:20px\" aria-hidden=\"true\" class=\"wp-block-spacer\"><\/div>\n<\/div>\n<\/div>\n\n\n\n<div style=\"height:22px\" aria-hidden=\"true\" class=\"wp-block-spacer\"><\/div>\n\n\n\n<div style=\"height:21px\" aria-hidden=\"true\" class=\"wp-block-spacer\"><\/div>\n\n\n\n<div class=\"wp-block-cover alignfull is-light\" style=\"min-height:574px;aspect-ratio:unset;\"><span aria-hidden=\"true\" class=\"wp-block-cover__background has-nv-dark-bg-background-color has-background-dim-100 has-background-dim\"><\/span><div class=\"wp-block-cover__inner-container is-layout-flow wp-block-cover-is-layout-flow\">\n<div style=\"height:140px\" aria-hidden=\"true\" class=\"wp-block-spacer\"><\/div>\n\n\n\n<h2 class=\"wp-block-heading has-text-align-center has-nv-text-dark-bg-color has-text-color\"><strong>Joignez-vous \u00e0 la communaut\u00e9 <\/strong><br><strong>de pan\u00e9listes d\u00e8s maintenant.<\/strong><\/h2>\n\n\n\n<p class=\"has-text-align-center has-nv-light-bg-color has-text-color has-link-color wp-elements-032aadad23bbda7effeb0b6c020719b8\" style=\"font-size:17px\">Les consultations auxquelles vous serez invit\u00e9 \u00e0 participer prennent g\u00e9n\u00e9ralement la forme d\u2019un questionnaire Web d\u2019une dur\u00e9e maximale de cinq minutes portant sur votre municipalit\u00e9 et des principaux organismes paramunicipaux de votre ville (ex.: Soci\u00e9t\u00e9 de transport, Chambre de commerce, etc.).<\/p>\n\n\n\n<div class=\"wp-block-buttons is-content-justification-center is-layout-flex wp-container-core-buttons-is-layout-16018d1d wp-block-buttons-is-layout-flex\">\n<div class=\"wp-block-button is-style-primary\"><a class=\"wp-block-button__link wp-element-button\" href=\"https:\/\/panel.lavoixdedeuxrives.com\/api\/redirect\/9\/fr\"><strong>JE ME JOINS \u00c0 LA VOIX<\/strong><\/a><\/div>\n<\/div>\n\n\n\n<div style=\"height:140px\" aria-hidden=\"true\" class=\"wp-block-spacer\"><\/div>\n<\/div><\/div>\n\n\n\n<div style=\"height:73px\" aria-hidden=\"true\" class=\"wp-block-spacer\"><\/div>\n\n\n\n<p class=\"has-text-align-center\"><strong>Deux-Rives est une municipalit\u00e9 fictive cr\u00e9\u00e9e dans un but de d\u00e9monstration de la solution de gestion de panel fournie par Fino recherche et relation client. Visitez\u00a0<a href=\"https:\/\/finoclient.com\/nos-solutions\/\">notre site web<\/a>\u00a0pour plus de d\u00e9tails \u00e0 propos de nos solutions.<\/strong><\/p>\n\n\n\n<div style=\"height:46px\" aria-hidden=\"true\" class=\"wp-block-spacer\"><\/div>\n","protected":false},"excerpt":{"rendered":"<p>Une voix pour nos citoyens Ce panel permet aux citoyennes et citoyens de s&rsquo;exprimer sur divers sujets aupr\u00e8s de la municipalit\u00e9 de Deux-Rives. Une approche inclusive Les approches traditionnelles de consultation sont souvent restrictives. Avec ce panel nous offrons \u00e0 chacun l&rsquo;opportunit\u00e9 de partager son opinion. Une initiative \u00e9conomique Face \u00e0 des ressources financi\u00e8res limit\u00e9es,&hellip;&nbsp;<a href=\"https:\/\/lavoixdedeuxrives.com\/\" rel=\"bookmark\">Lire la suite &raquo;<span class=\"screen-reader-text\">Accueil<\/span><\/a><\/p>\n","protected":false},"author":1,"featured_media":0,"parent":0,"menu_order":0,"comment_status":"closed","ping_status":"closed","template":"","meta":{"neve_meta_sidebar":"","neve_meta_container":"","neve_meta_enable_content_width":"on","neve_meta_content_width":100,"neve_meta_title_alignment":"","neve_meta_author_avatar":"","neve_post_elements_order":"","neve_meta_disable_header":"","neve_meta_disable_footer":"","neve_meta_disable_title":"on","footnotes":""},"class_list":["post-11","page","type-page","status-publish","hentry"],"_links":{"self":[{"href":"https:\/\/lavoixdedeuxrives.com\/index.php?rest_route=\/wp\/v2\/pages\/11","targetHints":{"allow":["GET"]}}],"collection":[{"href":"https:\/\/lavoixdedeuxrives.com\/index.php?rest_route=\/wp\/v2\/pages"}],"about":[{"href":"https:\/\/lavoixdedeuxrives.com\/index.php?rest_route=\/wp\/v2\/types\/page"}],"author":[{"embeddable":true,"href":"https:\/\/lavoixdedeuxrives.com\/index.php?rest_route=\/wp\/v2\/users\/1"}],"replies":[{"embeddable":true,"href":"https:\/\/lavoixdedeuxrives.com\/index.php?rest_route=%2Fwp%2Fv2%2Fcomments&post=11"}],"version-history":[{"count":35,"href":"https:\/\/lavoixdedeuxrives.com\/index.php?rest_route=\/wp\/v2\/pages\/11\/revisions"}],"predecessor-version":[{"id":114,"href":"https:\/\/lavoixdedeuxrives.com\/index.php?rest_route=\/wp\/v2\/pages\/11\/revisions\/114"}],"wp:attachment":[{"href":"https:\/\/lavoixdedeuxrives.com\/index.php?rest_route=%2Fwp%2Fv2%2Fmedia&parent=11"}],"curies":[{"name":"wp","href":"https:\/\/api.w.org\/{rel}","templated":true}]}}